{"id":483,"date":"2026-02-17T12:01:28","date_gmt":"2026-02-17T11:01:28","guid":{"rendered":"https:\/\/www.ews-pulverbeschichtung.de\/blog\/?page_id=483"},"modified":"2026-04-29T15:22:58","modified_gmt":"2026-04-29T13:22:58","slug":"pulverbeschichtung-in-niedersachen","status":"publish","type":"page","link":"https:\/\/www.ews-pulverbeschichtung.de\/blog\/pulverbeschichtung-in-niedersachen\/","title":{"rendered":"Pulverbeschichtung in Niedersachsen"},"content":{"rendered":"\n<div class=\"wp-block-columns is-layout-flex wp-container-core-columns-is-layout-28f84493 wp-block-columns-is-layout-flex\">\n<div class=\"wp-block-column is-layout-flow wp-block-column-is-layout-flow\"><div class=\"yoast-breadcrumbs\"><span><span><a href=\"https:\/\/www.ews-pulverbeschichtung.de\/blog\/\">Startseite<\/a><\/span> \u00bb <span class=\"breadcrumb_last\" aria-current=\"page\">Pulverbeschichtung in Niedersachsen<\/span><\/span><\/div>\n\n\n<h1 class=\"wp-block-heading\">EWS GmbH \u2013 Ihr Partner f\u00fcr Pulverbeschichtung in Niedersachsen<\/h1>\n\n\n\n<p class=\"has-medium-font-size\">Die EWS GmbH steht in Niedersachsen seit Jahren f\u00fcr hochwertige Pulverbeschichtung, regionale N\u00e4he und zuverl\u00e4ssigen Service. Unser Unternehmen ist im ganzen Bundesland aktiv und betreut Kunden aus Industrie, Handwerk und Privatbereich gleicherma\u00dfen. Ob in Hannover, Braunschweig, Osnabr\u00fcck, Oldenburg oder in kleineren St\u00e4dten und Gemeinden \u2013 \u00fcberall profitieren unsere Auftraggeber von kurzen Wegen, pers\u00f6nlicher Betreuung und einer gleichbleibend hohen Qualit\u00e4t.<\/p>\n\n\n\n<div class=\"wp-block-buttons is-layout-flex wp-block-buttons-is-layout-flex\">\n<div class=\"wp-block-button\"><a class=\"wp-block-button__link wp-element-button\" href=\"https:\/\/www.ews-pulverbeschichtung.de\/pulverbeschichter-in-der-naehe.html\">Kontaktieren<\/a><\/div>\n<\/div>\n<\/div>\n\n\n\n<div class=\"wp-block-column is-layout-flow wp-block-column-is-layout-flow\">\n<figure class=\"wp-block-image size-full has-custom-border\"><img loading=\"lazy\" decoding=\"async\" width=\"750\" height=\"500\" src=\"https:\/\/www.ews-pulverbeschichtung.de\/blog\/wp-content\/uploads\/Niedersachsen.jpg\" alt=\"\" class=\"wp-image-429\" style=\"border-radius:10px\"\/><\/figure>\n<\/div>\n<\/div>\n\n\n\n<div class=\"wp-block-columns is-layout-flex wp-container-core-columns-is-layout-ec2e7a44 wp-block-columns-is-layout-flex\" style=\"padding-top:0;padding-bottom:0\">\n<div class=\"wp-block-column is-layout-flow wp-container-core-column-is-layout-f244570f wp-block-column-is-layout-flow\" style=\"padding-top:var(--wp--preset--spacing--30);padding-bottom:var(--wp--preset--spacing--30)\">\n<h2 class=\"wp-block-heading has-text-align-center\" id=\"mehr\">Standorte in Niedersachsen<\/h2>\n\n\n\n<p class=\"has-text-align-center has-custom-footer-farbe-color has-text-color has-link-color has-medium-font-size wp-elements-55a7015b325f16e6a8eceb22866268fe\">Niedersachsen ist wirtschaftlich vielseitig aufgestellt: Von der Automobilindustrie \u00fcber den Maschinenbau bis hin zu Bau- und Metallgewerken. Mit unserer Erfahrung und modern ausgestatteten Anlagen bieten wir ma\u00dfgeschneiderte L\u00f6sungen f\u00fcr unterschiedlichste Anforderungen. Als nieders\u00e4chsisches Unternehmen kennen wir die regionalen Bed\u00fcrfnisse und setzen auf eine enge Zusammenarbeit mit unseren Kunden \u2013 effizient, flexibel und zuverl\u00e4ssig.<\/p>\n<\/div>\n<\/div>\n\n\n\n<div class=\"wp-block-columns is-layout-flex wp-container-core-columns-is-layout-28f84493 wp-block-columns-is-layout-flex\">\n<div class=\"wp-block-column shaddow-teaser is-layout-flow wp-block-column-is-layout-flow\">\n<figure class=\"wp-block-image size-full\"><img loading=\"lazy\" decoding=\"async\" width=\"750\" height=\"500\" src=\"https:\/\/www.ews-pulverbeschichtung.de\/blog\/wp-content\/uploads\/Niedersachsen.jpg\" alt=\"\" class=\"wp-image-429\"\/><\/figure>\n\n\n\n<h3 class=\"wp-block-heading\">Pulverbeschichtung in Hannover <\/h3>\n\n\n\n<div class=\"wp-block-buttons is-layout-flex wp-block-buttons-is-layout-flex\">\n<div class=\"wp-block-button\"><a class=\"wp-block-button__link has-contrast-color has-light-green-cyan-to-vivid-green-cyan-gradient-background has-text-color has-background has-link-color wp-element-button\" href=\"https:\/\/www.ews-pulverbeschichtung.de\/blog\/pulverbeschichtung-in-hannover\/\" style=\"border-radius:5px\"><strong>Mehr erfahren<\/strong><\/a><\/div>\n<\/div>\n<\/div>\n\n\n\n<div class=\"wp-block-column shaddow-teaser is-layout-flow wp-block-column-is-layout-flow\">\n<figure class=\"wp-block-image size-full is-resized\"><img loading=\"lazy\" decoding=\"async\" width=\"750\" height=\"500\" src=\"https:\/\/www.ews-pulverbeschichtung.de\/blog\/wp-content\/uploads\/Tiny-Hameln-750x500jpg.jpg\" alt=\"\" class=\"wp-image-492\" style=\"width:585px;height:auto\"\/><\/figure>\n\n\n\n<h3 class=\"wp-block-heading\">Pulverbeschichtung in Hameln<\/h3>\n\n\n\n<div class=\"wp-block-buttons is-layout-flex wp-block-buttons-is-layout-flex\">\n<div class=\"wp-block-button\"><a class=\"wp-block-button__link has-contrast-color has-light-green-cyan-to-vivid-green-cyan-gradient-background has-text-color has-background has-link-color wp-element-button\" href=\"https:\/\/www.ews-pulverbeschichtung.de\/blog\/pulverbeschichtung-in-hameln\/\" style=\"border-radius:5px\"><strong>Mehr erfahren<\/strong><\/a><\/div>\n<\/div>\n<\/div>\n<\/div>\n\n\n\n<div class=\"wp-block-columns is-layout-flex wp-container-core-columns-is-layout-28f84493 wp-block-columns-is-layout-flex\">\n<div class=\"wp-block-column shaddow-teaser is-layout-flow wp-block-column-is-layout-flow\">\n<figure class=\"wp-block-image size-full\"><img loading=\"lazy\" decoding=\"async\" width=\"750\" height=\"500\" src=\"https:\/\/www.ews-pulverbeschichtung.de\/blog\/wp-content\/uploads\/tiny_750x500Osnabrueck.jpg\" alt=\"\" class=\"wp-image-497\"\/><\/figure>\n\n\n\n<h3 class=\"wp-block-heading\">Pulverbeschichtung in Osnabr\u00fcck<\/h3>\n\n\n\n<div class=\"wp-block-buttons is-layout-flex wp-block-buttons-is-layout-flex\">\n<div class=\"wp-block-button\"><a class=\"wp-block-button__link has-contrast-color has-light-green-cyan-to-vivid-green-cyan-gradient-background has-text-color has-background has-link-color wp-element-button\" href=\"https:\/\/www.ews-pulverbeschichtung.de\/blog\/pulverbeschichtung-in-osnabrueck\/\" style=\"border-radius:5px\"><strong>Mehr erfahren<\/strong><\/a><\/div>\n<\/div>\n<\/div>\n\n\n\n<div class=\"wp-block-column shaddow-teaser is-layout-flow wp-block-column-is-layout-flow\">\n<figure class=\"wp-block-image size-full is-resized\"><img loading=\"lazy\" decoding=\"async\" width=\"750\" height=\"500\" src=\"https:\/\/www.ews-pulverbeschichtung.de\/blog\/wp-content\/uploads\/Melle-750x500_tiny.jpg\" alt=\"\" class=\"wp-image-500\" style=\"width:585px;height:auto\"\/><\/figure>\n\n\n\n<h3 class=\"wp-block-heading\">Pulverbeschichtung in Melle<\/h3>\n\n\n\n<div class=\"wp-block-buttons is-layout-flex wp-block-buttons-is-layout-flex\">\n<div class=\"wp-block-button\"><a class=\"wp-block-button__link has-contrast-color has-light-green-cyan-to-vivid-green-cyan-gradient-background has-text-color has-background has-link-color wp-element-button\" href=\"https:\/\/www.ews-pulverbeschichtung.de\/blog\/pulverbeschichtung-in-melle-und-umgebung\/\" style=\"border-radius:5px\"><strong>Mehr erfahren<\/strong><\/a><\/div>\n<\/div>\n<\/div>\n<\/div>\n\n\n\n<div class=\"wp-block-columns is-layout-flex wp-container-core-columns-is-layout-28f84493 wp-block-columns-is-layout-flex\">\n<div class=\"wp-block-column shaddow-teaser is-layout-flow wp-block-column-is-layout-flow\">\n<figure class=\"wp-block-image size-full is-resized\"><img loading=\"lazy\" decoding=\"async\" width=\"750\" height=\"500\" src=\"https:\/\/www.ews-pulverbeschichtung.de\/blog\/wp-content\/uploads\/Stadthagen_750x500_tiny.jpg\" alt=\"\" class=\"wp-image-503\" style=\"width:584px;height:auto\"\/><\/figure>\n\n\n\n<h3 class=\"wp-block-heading\">Pulverbeschichtung in Stadthagen<\/h3>\n\n\n\n<div class=\"wp-block-buttons is-layout-flex wp-block-buttons-is-layout-flex\">\n<div class=\"wp-block-button\"><a class=\"wp-block-button__link has-contrast-color has-light-green-cyan-to-vivid-green-cyan-gradient-background has-text-color has-background has-link-color wp-element-button\" href=\"https:\/\/www.ews-pulverbeschichtung.de\/blog\/pulverbeschichtung-in-stadthagen-kreis-schaumburg\/\" style=\"border-radius:5px\"><strong>Mehr erfahren<\/strong><\/a><\/div>\n<\/div>\n<\/div>\n<\/div>\n\n\n\n<div class=\"wp-block-cover alignfull has-custom-content-position is-position-top-center\" style=\"padding-top:var(--wp--preset--spacing--60);padding-bottom:var(--wp--preset--spacing--60)\"><span aria-hidden=\"true\" class=\"wp-block-cover__background has-background-dim-100 has-background-dim has-background-gradient has-luminous-vivid-amber-to-luminous-vivid-orange-gradient-background\"><\/span><div class=\"wp-block-cover__inner-container has-global-padding is-layout-constrained wp-block-cover-is-layout-constrained\">\n<div class=\"wp-block-columns is-layout-flex wp-container-core-columns-is-layout-28f84493 wp-block-columns-is-layout-flex\">\n<div class=\"wp-block-column is-layout-flow wp-block-column-is-layout-flow\" style=\"padding-top:var(--wp--preset--spacing--60);padding-bottom:var(--wp--preset--spacing--60)\">\n<p class=\"has-text-align-left has-tertiary-color has-text-color has-link-color wp-elements-bd31ddd1e9fe2b3f66ca1d4dfef2fa1d\">Pulverbeschichtung<\/p>\n\n\n\n<h2 class=\"wp-block-heading has-text-align-left has-tertiary-color has-text-color has-link-color wp-elements-b93293ab523b8dfd17509233e6f486de\">Ihr Projekt in Niedersachsen<\/h2>\n\n\n\n<p class=\"has-tertiary-color has-text-color has-link-color wp-elements-fcc922271ab18bf2f09e9b2304231037\">Die EWS GmbH Pulverbeschichtung verbindet erstklassige Oberfl\u00e4chenqualit\u00e4t mit nachhaltigen Verfahren. So tragen wir nicht nur zu langlebigen Produkten bei, sondern auch zur St\u00e4rkung des Wirtschaftsstandortes Niedersachsen.<\/p>\n\n\n\n<div class=\"wp-block-buttons is-layout-flex wp-block-buttons-is-layout-flex\">\n<div class=\"wp-block-button\"><a class=\"wp-block-button__link has-base-color has-text-color has-link-color wp-element-button\" href=\"https:\/\/www.ews-pulverbeschichtung.de\/pulverbeschichter-in-der-naehe.html\" style=\"border-radius:5px\">Kontakt anfragen<\/a><\/div>\n<\/div>\n<\/div>\n\n\n\n<div class=\"wp-block-column is-layout-flow wp-block-column-is-layout-flow\">\n<figure class=\"wp-block-image size-full has-custom-border\"><img loading=\"lazy\" decoding=\"async\" width=\"586\" height=\"574\" src=\"https:\/\/www.ews-pulverbeschichtung.de\/blog\/wp-content\/uploads\/EWS_Standortbild.jpg\" alt=\"\" class=\"wp-image-258\" style=\"border-radius:10px\"\/><\/figure>\n<\/div>\n<\/div>\n<\/div><\/div>\n\n\n\n<div class=\"wp-block-columns is-layout-flex wp-container-core-columns-is-layout-ef4833f8 wp-block-columns-is-layout-flex\" style=\"padding-top:var(--wp--preset--spacing--80);padding-right:0;padding-bottom:var(--wp--preset--spacing--80);padding-left:0\">\n<div class=\"wp-block-column kontakt-teaser has-tertiary-background-color has-background is-layout-flow wp-block-column-is-layout-flow\" style=\"padding-top:var(--wp--preset--spacing--60);padding-right:var(--wp--preset--spacing--80);padding-bottom:var(--wp--preset--spacing--60);padding-left:var(--wp--preset--spacing--80);box-shadow:var(--wp--preset--shadow--natural)\">\n<figure class=\"wp-block-image size-full is-resized\"><img loading=\"lazy\" decoding=\"async\" width=\"1000\" height=\"307\" src=\"https:\/\/www.ews-pulverbeschichtung.de\/blog\/wp-content\/uploads\/tiny_Hannover-1000x300-1.jpg\" alt=\"\" class=\"wp-image-472\" style=\"object-fit:cover;width:1028px;height:auto\" srcset=\"https:\/\/www.ews-pulverbeschichtung.de\/blog\/wp-content\/uploads\/tiny_Hannover-1000x300-1.jpg 1000w, https:\/\/www.ews-pulverbeschichtung.de\/blog\/wp-content\/uploads\/tiny_Hannover-1000x300-1-768x236.jpg 768w\" sizes=\"auto, (max-width: 1000px) 100vw, 1000px\" \/><\/figure>\n\n\n\n<div class=\"wp-block-columns has-custom-navi-verlauf-farbe-1-background-color has-background is-layout-flex wp-container-core-columns-is-layout-f0342b05 wp-block-columns-is-layout-flex\" style=\"margin-top:0;margin-bottom:0\">\n<div class=\"wp-block-column is-layout-flow wp-block-column-is-layout-flow\">\n<div class=\"wp-block-columns content is-layout-flex wp-container-core-columns-is-layout-28f84493 wp-block-columns-is-layout-flex\">\n<div class=\"wp-block-column is-layout-flow wp-block-column-is-layout-flow\" style=\"padding-right:var(--wp--preset--spacing--80);padding-left:var(--wp--preset--spacing--80)\">\n<h3 class=\"wp-block-heading has-text-align-center has-tertiary-color has-text-color has-link-color has-medium-font-size wp-elements-39c57252cdf72c904b3b26b262f05ea5\" style=\"padding-top:var(--wp--preset--spacing--50);padding-bottom:var(--wp--preset--spacing--50);line-height:2\">Wir freuen uns darauf, Ihre Projekte mit einer Oberfl\u00e4chenveredelung in Niedersachsen und Umgebung zu begleiten \u2013 sprechen Sie uns an!<\/h3>\n<\/div>\n<\/div>\n\n\n\n<div class=\"wp-block-columns adresse is-layout-flex wp-container-core-columns-is-layout-c6a03c77 wp-block-columns-is-layout-flex\" style=\"padding-right:var(--wp--preset--spacing--80);padding-left:var(--wp--preset--spacing--80);line-height:1.5\">\n<div class=\"wp-block-column is-layout-flow wp-block-column-is-layout-flow\" style=\"padding-right:var(--wp--preset--spacing--80);padding-left:var(--wp--preset--spacing--80)\">\n<p class=\"has-tertiary-color has-text-color has-link-color wp-elements-bfda7d9d546efad06fd8246bcbb9cdd4\">EWS GmbH Pulverbeschichtung <\/p>\n\n\n\n<p class=\"has-tertiary-color has-text-color has-link-color wp-elements-9754b836939e37edc613db9584779095\">Im Meisenfeld 17 <\/p>\n\n\n\n<p class=\"has-tertiary-color has-text-color has-link-color wp-elements-0a4250ac0aa4e5153ff4cdb61ccba0af\">32602 Vlotho Exter<\/p>\n<\/div>\n\n\n\n<div class=\"wp-block-column is-layout-flow wp-block-column-is-layout-flow\" style=\"padding-right:var(--wp--preset--spacing--80);padding-left:var(--wp--preset--spacing--80)\">\n<p class=\"has-tertiary-color has-text-color has-link-color wp-elements-ffef8e8a9f53e90a67ea9b67d6a42773\">Tel: <a href=\"tel:0049522894850\">0 52 28 \/ 94 85-0<\/a><\/p>\n\n\n\n<p class=\"has-tertiary-color has-text-color has-link-color wp-elements-d4f9f71ec2109b37bf2de19b58689af9\">Fax: 0 52 28 \/ 94 85-99<\/p>\n\n\n\n<p class=\"has-tertiary-color has-text-color has-link-color has-small-font-size wp-elements-a179146253718a83f211fa7496af2ad8\"><a href=\"mailto:info@ews-pulverbeschichtung.de?subject=Anfrage%20Niedersachsen\">info@ews-pulverbeschichtung.de<\/a><\/p>\n<\/div>\n<\/div>\n<\/div>\n<\/div>\n<\/div>\n<\/div>\n","protected":false},"excerpt":{"rendered":"<p>EWS GmbH \u2013 Ihr Partner f\u00fcr Pulverbeschichtung in Niedersachsen Die EWS GmbH steht in Niedersachsen seit Jahren f\u00fcr hochwertige Pulverbeschichtung, [&hellip;]<\/p>\n","protected":false},"author":3,"featured_media":0,"parent":0,"menu_order":0,"comment_status":"closed","ping_status":"closed","template":"","meta":{"footnotes":""},"class_list":["post-483","page","type-page","status-publish","hentry"],"yoast_head":"<!-- This site is optimized with the Yoast SEO plugin v27.5 - https:\/\/yoast.com\/product\/yoast-seo-wordpress\/ -->\n<title>Pulverbeschichtung in Niedersachsen - EWS GmbH Pulverbeschichtung<\/title>\n<meta name=\"description\" content=\"EWS GMBH - Pulverbeschichtung &amp; Oberfl\u00e4chentechnik Hamm, Oberfl\u00e4chenveredelung in der N\u00e4he von Hamm \u2794 Mehr Erfahren\" \/>\n<meta name=\"robots\" content=\"index, follow, max-snippet:-1, max-image-preview:large, max-video-preview:-1\" \/>\n<link rel=\"canonical\" href=\"https:\/\/www.ews-pulverbeschichtung.de\/blog\/pulverbeschichtung-in-niedersachen\/\" \/>\n<meta property=\"og:locale\" content=\"de_DE\" \/>\n<meta property=\"og:type\" content=\"article\" \/>\n<meta property=\"og:title\" content=\"Pulverbeschichtung in Niedersachsen - EWS GmbH Pulverbeschichtung\" \/>\n<meta property=\"og:description\" content=\"EWS GMBH - Pulverbeschichtung &amp; Oberfl\u00e4chentechnik Hamm, Oberfl\u00e4chenveredelung in der N\u00e4he von Hamm \u2794 Mehr Erfahren\" \/>\n<meta property=\"og:url\" content=\"https:\/\/www.ews-pulverbeschichtung.de\/blog\/pulverbeschichtung-in-niedersachen\/\" \/>\n<meta property=\"og:site_name\" content=\"EWS GmbH Pulverbeschichtung\" \/>\n<meta property=\"article:modified_time\" content=\"2026-04-29T13:22:58+00:00\" \/>\n<meta property=\"og:image\" content=\"https:\/\/www.ews-pulverbeschichtung.de\/blog\/wp-content\/uploads\/Niedersachsen.jpg\" \/>\n\t<meta property=\"og:image:width\" content=\"750\" \/>\n\t<meta property=\"og:image:height\" content=\"500\" \/>\n\t<meta property=\"og:image:type\" content=\"image\/jpeg\" \/>\n<meta name=\"twitter:card\" content=\"summary_large_image\" \/>\n<meta name=\"twitter:label1\" content=\"Gesch\u00e4tzte Lesezeit\" \/>\n\t<meta name=\"twitter:data1\" content=\"3\u00a0Minuten\" \/>\n<script type=\"application\/ld+json\" class=\"yoast-schema-graph\">{\"@context\":\"https:\\\/\\\/schema.org\",\"@graph\":[{\"@type\":\"WebPage\",\"@id\":\"https:\\\/\\\/www.ews-pulverbeschichtung.de\\\/blog\\\/pulverbeschichtung-in-niedersachen\\\/\",\"url\":\"https:\\\/\\\/www.ews-pulverbeschichtung.de\\\/blog\\\/pulverbeschichtung-in-niedersachen\\\/\",\"name\":\"Pulverbeschichtung in Niedersachsen - EWS GmbH Pulverbeschichtung\",\"isPartOf\":{\"@id\":\"https:\\\/\\\/www.ews-pulverbeschichtung.de\\\/blog\\\/#website\"},\"primaryImageOfPage\":{\"@id\":\"https:\\\/\\\/www.ews-pulverbeschichtung.de\\\/blog\\\/pulverbeschichtung-in-niedersachen\\\/#primaryimage\"},\"image\":{\"@id\":\"https:\\\/\\\/www.ews-pulverbeschichtung.de\\\/blog\\\/pulverbeschichtung-in-niedersachen\\\/#primaryimage\"},\"thumbnailUrl\":\"https:\\\/\\\/www.ews-pulverbeschichtung.de\\\/blog\\\/wp-content\\\/uploads\\\/Niedersachsen.jpg\",\"datePublished\":\"2026-02-17T11:01:28+00:00\",\"dateModified\":\"2026-04-29T13:22:58+00:00\",\"description\":\"EWS GMBH - Pulverbeschichtung & Oberfl\u00e4chentechnik Hamm, Oberfl\u00e4chenveredelung in der N\u00e4he von Hamm \u2794 Mehr Erfahren\",\"breadcrumb\":{\"@id\":\"https:\\\/\\\/www.ews-pulverbeschichtung.de\\\/blog\\\/pulverbeschichtung-in-niedersachen\\\/#breadcrumb\"},\"inLanguage\":\"de\",\"potentialAction\":[{\"@type\":\"ReadAction\",\"target\":[\"https:\\\/\\\/www.ews-pulverbeschichtung.de\\\/blog\\\/pulverbeschichtung-in-niedersachen\\\/\"]}]},{\"@type\":\"ImageObject\",\"inLanguage\":\"de\",\"@id\":\"https:\\\/\\\/www.ews-pulverbeschichtung.de\\\/blog\\\/pulverbeschichtung-in-niedersachen\\\/#primaryimage\",\"url\":\"https:\\\/\\\/www.ews-pulverbeschichtung.de\\\/blog\\\/wp-content\\\/uploads\\\/Niedersachsen.jpg\",\"contentUrl\":\"https:\\\/\\\/www.ews-pulverbeschichtung.de\\\/blog\\\/wp-content\\\/uploads\\\/Niedersachsen.jpg\",\"width\":750,\"height\":500},{\"@type\":\"BreadcrumbList\",\"@id\":\"https:\\\/\\\/www.ews-pulverbeschichtung.de\\\/blog\\\/pulverbeschichtung-in-niedersachen\\\/#breadcrumb\",\"itemListElement\":[{\"@type\":\"ListItem\",\"position\":1,\"name\":\"Startseite\",\"item\":\"https:\\\/\\\/www.ews-pulverbeschichtung.de\\\/blog\\\/\"},{\"@type\":\"ListItem\",\"position\":2,\"name\":\"Pulverbeschichtung in Niedersachsen\"}]},{\"@type\":\"WebSite\",\"@id\":\"https:\\\/\\\/www.ews-pulverbeschichtung.de\\\/blog\\\/#website\",\"url\":\"https:\\\/\\\/www.ews-pulverbeschichtung.de\\\/blog\\\/\",\"name\":\"EWS GmbH Pulverbeschichtung\",\"description\":\"Oberfl\u00e4chenbeschichtung &amp; Chromatierung\",\"publisher\":{\"@id\":\"https:\\\/\\\/www.ews-pulverbeschichtung.de\\\/blog\\\/#organization\"},\"potentialAction\":[{\"@type\":\"SearchAction\",\"target\":{\"@type\":\"EntryPoint\",\"urlTemplate\":\"https:\\\/\\\/www.ews-pulverbeschichtung.de\\\/blog\\\/?s={search_term_string}\"},\"query-input\":{\"@type\":\"PropertyValueSpecification\",\"valueRequired\":true,\"valueName\":\"search_term_string\"}}],\"inLanguage\":\"de\"},{\"@type\":\"Organization\",\"@id\":\"https:\\\/\\\/www.ews-pulverbeschichtung.de\\\/blog\\\/#organization\",\"name\":\"EWS GMBH Pulverbeschichtung\",\"url\":\"https:\\\/\\\/www.ews-pulverbeschichtung.de\\\/blog\\\/\",\"logo\":{\"@type\":\"ImageObject\",\"inLanguage\":\"de\",\"@id\":\"https:\\\/\\\/www.ews-pulverbeschichtung.de\\\/blog\\\/#\\\/schema\\\/logo\\\/image\\\/\",\"url\":\"https:\\\/\\\/www.ews-pulverbeschichtung.de\\\/blog\\\/wp-content\\\/uploads\\\/logo-ews-pulverbeschichtung.png\",\"contentUrl\":\"https:\\\/\\\/www.ews-pulverbeschichtung.de\\\/blog\\\/wp-content\\\/uploads\\\/logo-ews-pulverbeschichtung.png\",\"width\":2018,\"height\":942,\"caption\":\"EWS GMBH Pulverbeschichtung\"},\"image\":{\"@id\":\"https:\\\/\\\/www.ews-pulverbeschichtung.de\\\/blog\\\/#\\\/schema\\\/logo\\\/image\\\/\"}}]}<\/script>\n<!-- \/ Yoast SEO plugin. -->","yoast_head_json":{"title":"Pulverbeschichtung in Niedersachsen - EWS GmbH Pulverbeschichtung","description":"EWS GMBH - Pulverbeschichtung & Oberfl\u00e4chentechnik Hamm, Oberfl\u00e4chenveredelung in der N\u00e4he von Hamm \u2794 Mehr Erfahren","robots":{"index":"index","follow":"follow","max-snippet":"max-snippet:-1","max-image-preview":"max-image-preview:large","max-video-preview":"max-video-preview:-1"},"canonical":"https:\/\/www.ews-pulverbeschichtung.de\/blog\/pulverbeschichtung-in-niedersachen\/","og_locale":"de_DE","og_type":"article","og_title":"Pulverbeschichtung in Niedersachsen - EWS GmbH Pulverbeschichtung","og_description":"EWS GMBH - Pulverbeschichtung & Oberfl\u00e4chentechnik Hamm, Oberfl\u00e4chenveredelung in der N\u00e4he von Hamm \u2794 Mehr Erfahren","og_url":"https:\/\/www.ews-pulverbeschichtung.de\/blog\/pulverbeschichtung-in-niedersachen\/","og_site_name":"EWS GmbH Pulverbeschichtung","article_modified_time":"2026-04-29T13:22:58+00:00","og_image":[{"width":750,"height":500,"url":"https:\/\/www.ews-pulverbeschichtung.de\/blog\/wp-content\/uploads\/Niedersachsen.jpg","type":"image\/jpeg"}],"twitter_card":"summary_large_image","twitter_misc":{"Gesch\u00e4tzte Lesezeit":"3\u00a0Minuten"},"schema":{"@context":"https:\/\/schema.org","@graph":[{"@type":"WebPage","@id":"https:\/\/www.ews-pulverbeschichtung.de\/blog\/pulverbeschichtung-in-niedersachen\/","url":"https:\/\/www.ews-pulverbeschichtung.de\/blog\/pulverbeschichtung-in-niedersachen\/","name":"Pulverbeschichtung in Niedersachsen - EWS GmbH Pulverbeschichtung","isPartOf":{"@id":"https:\/\/www.ews-pulverbeschichtung.de\/blog\/#website"},"primaryImageOfPage":{"@id":"https:\/\/www.ews-pulverbeschichtung.de\/blog\/pulverbeschichtung-in-niedersachen\/#primaryimage"},"image":{"@id":"https:\/\/www.ews-pulverbeschichtung.de\/blog\/pulverbeschichtung-in-niedersachen\/#primaryimage"},"thumbnailUrl":"https:\/\/www.ews-pulverbeschichtung.de\/blog\/wp-content\/uploads\/Niedersachsen.jpg","datePublished":"2026-02-17T11:01:28+00:00","dateModified":"2026-04-29T13:22:58+00:00","description":"EWS GMBH - Pulverbeschichtung & Oberfl\u00e4chentechnik Hamm, Oberfl\u00e4chenveredelung in der N\u00e4he von Hamm \u2794 Mehr Erfahren","breadcrumb":{"@id":"https:\/\/www.ews-pulverbeschichtung.de\/blog\/pulverbeschichtung-in-niedersachen\/#breadcrumb"},"inLanguage":"de","potentialAction":[{"@type":"ReadAction","target":["https:\/\/www.ews-pulverbeschichtung.de\/blog\/pulverbeschichtung-in-niedersachen\/"]}]},{"@type":"ImageObject","inLanguage":"de","@id":"https:\/\/www.ews-pulverbeschichtung.de\/blog\/pulverbeschichtung-in-niedersachen\/#primaryimage","url":"https:\/\/www.ews-pulverbeschichtung.de\/blog\/wp-content\/uploads\/Niedersachsen.jpg","contentUrl":"https:\/\/www.ews-pulverbeschichtung.de\/blog\/wp-content\/uploads\/Niedersachsen.jpg","width":750,"height":500},{"@type":"BreadcrumbList","@id":"https:\/\/www.ews-pulverbeschichtung.de\/blog\/pulverbeschichtung-in-niedersachen\/#breadcrumb","itemListElement":[{"@type":"ListItem","position":1,"name":"Startseite","item":"https:\/\/www.ews-pulverbeschichtung.de\/blog\/"},{"@type":"ListItem","position":2,"name":"Pulverbeschichtung in Niedersachsen"}]},{"@type":"WebSite","@id":"https:\/\/www.ews-pulverbeschichtung.de\/blog\/#website","url":"https:\/\/www.ews-pulverbeschichtung.de\/blog\/","name":"EWS GmbH Pulverbeschichtung","description":"Oberfl\u00e4chenbeschichtung &amp; Chromatierung","publisher":{"@id":"https:\/\/www.ews-pulverbeschichtung.de\/blog\/#organization"},"potentialAction":[{"@type":"SearchAction","target":{"@type":"EntryPoint","urlTemplate":"https:\/\/www.ews-pulverbeschichtung.de\/blog\/?s={search_term_string}"},"query-input":{"@type":"PropertyValueSpecification","valueRequired":true,"valueName":"search_term_string"}}],"inLanguage":"de"},{"@type":"Organization","@id":"https:\/\/www.ews-pulverbeschichtung.de\/blog\/#organization","name":"EWS GMBH Pulverbeschichtung","url":"https:\/\/www.ews-pulverbeschichtung.de\/blog\/","logo":{"@type":"ImageObject","inLanguage":"de","@id":"https:\/\/www.ews-pulverbeschichtung.de\/blog\/#\/schema\/logo\/image\/","url":"https:\/\/www.ews-pulverbeschichtung.de\/blog\/wp-content\/uploads\/logo-ews-pulverbeschichtung.png","contentUrl":"https:\/\/www.ews-pulverbeschichtung.de\/blog\/wp-content\/uploads\/logo-ews-pulverbeschichtung.png","width":2018,"height":942,"caption":"EWS GMBH Pulverbeschichtung"},"image":{"@id":"https:\/\/www.ews-pulverbeschichtung.de\/blog\/#\/schema\/logo\/image\/"}}]}},"_links":{"self":[{"href":"https:\/\/www.ews-pulverbeschichtung.de\/blog\/wp-json\/wp\/v2\/pages\/483","targetHints":{"allow":["GET"]}}],"collection":[{"href":"https:\/\/www.ews-pulverbeschichtung.de\/blog\/wp-json\/wp\/v2\/pages"}],"about":[{"href":"https:\/\/www.ews-pulverbeschichtung.de\/blog\/wp-json\/wp\/v2\/types\/page"}],"author":[{"embeddable":true,"href":"https:\/\/www.ews-pulverbeschichtung.de\/blog\/wp-json\/wp\/v2\/users\/3"}],"replies":[{"embeddable":true,"href":"https:\/\/www.ews-pulverbeschichtung.de\/blog\/wp-json\/wp\/v2\/comments?post=483"}],"version-history":[{"count":8,"href":"https:\/\/www.ews-pulverbeschichtung.de\/blog\/wp-json\/wp\/v2\/pages\/483\/revisions"}],"predecessor-version":[{"id":732,"href":"https:\/\/www.ews-pulverbeschichtung.de\/blog\/wp-json\/wp\/v2\/pages\/483\/revisions\/732"}],"wp:attachment":[{"href":"https:\/\/www.ews-pulverbeschichtung.de\/blog\/wp-json\/wp\/v2\/media?parent=483"}],"curies":[{"name":"wp","href":"https:\/\/api.w.org\/{rel}","templated":true}]}}