{"id":123,"date":"2023-08-24T16:04:42","date_gmt":"2023-08-24T14:04:42","guid":{"rendered":"https:\/\/www.ews-pulverbeschichtung.de\/blog\/?page_id=123"},"modified":"2023-08-24T16:21:56","modified_gmt":"2023-08-24T14:21:56","slug":"pulverbeschichtung-in-lemgo-kreis-lippe","status":"publish","type":"page","link":"https:\/\/www.ews-pulverbeschichtung.de\/blog\/pulverbeschichtung-in-lemgo-kreis-lippe\/","title":{"rendered":"Pulverbeschichtung in Lemgo (Kreis Lippe)"},"content":{"rendered":"\n<div class=\"wp-block-columns is-layout-flex wp-container-core-columns-is-layout-28f84493 wp-block-columns-is-layout-flex\">\n<div class=\"wp-block-column is-layout-flow wp-block-column-is-layout-flow\">\n<p>Die <strong>EWS GmbH<\/strong> hat sich in den letzten 35 Jahren als zuverl\u00e4ssiger Anbieter von <strong>Pulverbeschichtungs<\/strong>&#8211; und <strong>Chromatierungsdienstleistungen<\/strong> im <strong>Gro\u00dfraum Lemgo<\/strong> (Kreis Lippe) etabliert und sich einen exzellenten Ruf erworben. Das Unternehmen steht mit seiner Arbeit f\u00fcr eine zertifizierte Qualit\u00e4t, einen hervorragenden Service und ber\u00fccksichtigt wesentliche Aspekte der Umweltfreundlichkeit, die immer mehr an Bedeutung gewinnen.<\/p>\n\n\n\n<div style=\"height:20px\" aria-hidden=\"true\" class=\"wp-block-spacer\"><\/div>\n\n\n\n<p>Als kompetenter, freundlicher und authentischer Ansprechpartner im Bereich der <strong>Oberfl\u00e4chentechnik<\/strong> garantieren wir erstklassige Arbeit auf h\u00f6chstem Niveau.<\/p>\n\n\n\n<h2 class=\"wp-block-heading\">Professioneller Pulverbeschichter gesucht?<br>So nehmen Sie Kontakt zu uns auf<\/h2>\n\n\n\n<p><strong>EWS GMBH Pulverbeschichtung<\/strong><br>Im Meisenfeld 17<br>32602 Vlotho Exter<\/p>\n\n\n\n<div style=\"height:10px\" aria-hidden=\"true\" class=\"wp-block-spacer\"><\/div>\n\n\n\n<p>Telefon:&nbsp;0 52 28 \/ 94 85-0<br>Fax:&nbsp;0 52 28 \/ 94 85-99<\/p>\n\n\n\n<div style=\"height:10px\" aria-hidden=\"true\" class=\"wp-block-spacer\"><\/div>\n\n\n\n<p><a href=\"mailto:info@ews-pulverbeschichtung.de\">info@ews-pulverbeschichtung.de<\/a><\/p>\n<\/div>\n\n\n\n<div class=\"wp-block-column is-layout-flow wp-block-column-is-layout-flow\">\n<figure class=\"wp-block-image size-full\"><img loading=\"lazy\" decoding=\"async\" width=\"800\" height=\"805\" src=\"https:\/\/www.ews-pulverbeschichtung.de\/blog\/wp-content\/uploads\/pulverbeschichter-hero-large.jpeg\" alt=\"Pulverbeschichtung in Osnabr\u00fcck\" class=\"wp-image-22\" srcset=\"https:\/\/www.ews-pulverbeschichtung.de\/blog\/wp-content\/uploads\/pulverbeschichter-hero-large.jpeg 800w, https:\/\/www.ews-pulverbeschichtung.de\/blog\/wp-content\/uploads\/pulverbeschichter-hero-large-768x773.jpeg 768w\" sizes=\"auto, (max-width: 800px) 100vw, 800px\" \/><\/figure>\n<\/div>\n<\/div>\n\n\n\n<div class=\"wp-block-columns is-layout-flex wp-container-core-columns-is-layout-28f84493 wp-block-columns-is-layout-flex\">\n<div class=\"wp-block-column is-layout-flow wp-block-column-is-layout-flow\">\n<div style=\"height:100px\" aria-hidden=\"true\" class=\"wp-block-spacer\"><\/div>\n<\/div>\n<\/div>\n\n\n\n<h3 class=\"wp-block-heading\">Unsere Einzugsgebiete f\u00fcr Pulverbeschichten&nbsp;und Oberfl\u00e4chentechnik<\/h3>\n\n\n\n<p><a href=\"https:\/\/www.ews-pulverbeschichtung.de\/blog\/pulverbeschichtung-in-osnabrueck\/\"><\/a><a href=\"https:\/\/www.ews-pulverbeschichtung.de\/blog\/pulverbeschichtung-in-bad-driburg-kreis-hoexter\/\">Bad Driburg<\/a>, <a href=\"https:\/\/www.ews-pulverbeschichtung.de\/blog\/pulverbeschichtung-in-bielefeld\/\">Bielefeld<\/a>, <a href=\"https:\/\/www.ews-pulverbeschichtung.de\/blog\/pulverbeschichtung-in-detmold-kreis-lippe\/\">Detmold<\/a>, <a href=\"https:\/\/www.ews-pulverbeschichtung.de\/blog\/oberflachenveredelung-in-guetersloh\/\">G\u00fctersloh<\/a>, <a href=\"https:\/\/www.ews-pulverbeschichtung.de\/blog\/pulverbeschichtung-in-hameln\/\">Hameln<\/a>, <a href=\"https:\/\/www.ews-pulverbeschichtung.de\/blog\/pulverbeschichtung-in-hamm\/\">Hamm<\/a>, <a href=\"https:\/\/www.ews-pulverbeschichtung.de\/blog\/pulverbeschichtung-in-hannover\/\">Hannover<\/a>, <a href=\"https:\/\/www.ews-pulverbeschichtung.de\/blog\/pulverbeschichtung-in-herford-kreis-herford\/\">Herford<\/a>, <a href=\"https:\/\/www.ews-pulverbeschichtung.de\/blog\/pulverbeschichtung-in-herzebrock-clarholz-kreis-guetersloh\/\">Herzebrock-Clarholz<\/a>, <a href=\"https:\/\/www.ews-pulverbeschichtung.de\/blog\/pulverbeschichtung-in-hoexter-kreis-hoxter\/\">H\u00f6xter<\/a>, <a href=\"https:\/\/www.ews-pulverbeschichtung.de\/blog\/pulverbeschichtung-in-lemgo-kreis-lippe\/\">Lemgo<\/a>, <a href=\"https:\/\/www.ews-pulverbeschichtung.de\/blog\/pulverbeschichtung-in-lippstadt-kreis-soest\/\">Lippstadt<\/a>, <a href=\"https:\/\/www.ews-pulverbeschichtung.de\/blog\/pulverbeschichtung-in-melle-und-umgebung\/\">Melle<\/a>, <a href=\"https:\/\/www.ews-pulverbeschichtung.de\/blog\/pulverbeschichter-in-minden\/\">Minden<\/a>, <a href=\"https:\/\/www.ews-pulverbeschichtung.de\/blog\/pulverbeschichtung-in-muenster\/\">M\u00fcnster<\/a>, <a href=\"https:\/\/www.ews-pulverbeschichtung.de\/blog\/pulverbeschichtung-in-osnabrueck\/\">Osnabr\u00fcck<\/a>, <a href=\"https:\/\/www.ews-pulverbeschichtung.de\/blog\/pulverbeschichtung-in-paderborn\/\">Paderborn<\/a>, <a href=\"https:\/\/www.ews-pulverbeschichtung.de\/blog\/pulverbeschichtung-in-rheda-wiedenbrueck-kreis-guetersloh\/\">Rheda-Wiedenbr\u00fcck<\/a> und <a href=\"https:\/\/www.ews-pulverbeschichtung.de\/blog\/pulverbeschichtung-in-stadthagen-kreis-schaumburg\/\">Stadthagen<\/a><\/p>\n","protected":false},"excerpt":{"rendered":"<p>Die EWS GmbH hat sich in den letzten 35 Jahren als zuverl\u00e4ssiger Anbieter von Pulverbeschichtungs&#8211; und Chromatierungsdienstleistungen im Gro\u00dfraum Lemgo [&hellip;]<\/p>\n","protected":false},"author":1,"featured_media":0,"parent":0,"menu_order":0,"comment_status":"closed","ping_status":"closed","template":"","meta":{"footnotes":""},"class_list":["post-123","page","type-page","status-publish","hentry"],"yoast_head":"<!-- This site is optimized with the Yoast SEO plugin v27.3 - https:\/\/yoast.com\/product\/yoast-seo-wordpress\/ -->\n<title>Pulverbeschichtung in Lemgo (Kreis Lippe) - EWS GmbH Pulverbeschichtung<\/title>\n<meta name=\"description\" content=\"EWS GMBH - Pulverbeschichtung &amp; Oberfl\u00e4chentechnik in Lemgo (Kreis Lippe), Oberfl\u00e4chenveredelung in der N\u00e4he von Lemgo \u2794 Mehr Erfahren\" \/>\n<meta name=\"robots\" content=\"index, follow, max-snippet:-1, max-image-preview:large, max-video-preview:-1\" \/>\n<link rel=\"canonical\" href=\"https:\/\/www.ews-pulverbeschichtung.de\/blog\/pulverbeschichtung-in-lemgo-kreis-lippe\/\" \/>\n<meta property=\"og:locale\" content=\"de_DE\" \/>\n<meta property=\"og:type\" content=\"article\" \/>\n<meta property=\"og:title\" content=\"Pulverbeschichtung in Lemgo (Kreis Lippe) - EWS GmbH Pulverbeschichtung\" \/>\n<meta property=\"og:description\" content=\"EWS GMBH - Pulverbeschichtung &amp; Oberfl\u00e4chentechnik in Lemgo (Kreis Lippe), Oberfl\u00e4chenveredelung in der N\u00e4he von Lemgo \u2794 Mehr Erfahren\" \/>\n<meta property=\"og:url\" content=\"https:\/\/www.ews-pulverbeschichtung.de\/blog\/pulverbeschichtung-in-lemgo-kreis-lippe\/\" \/>\n<meta property=\"og:site_name\" content=\"EWS GmbH Pulverbeschichtung\" \/>\n<meta property=\"article:modified_time\" content=\"2023-08-24T14:21:56+00:00\" \/>\n<meta property=\"og:image\" content=\"https:\/\/www.ews-pulverbeschichtung.de\/blog\/wp-content\/uploads\/pulverbeschichter-hero-large.jpeg\" \/>\n<meta name=\"twitter:card\" content=\"summary_large_image\" \/>\n<meta name=\"twitter:label1\" content=\"Gesch\u00e4tzte Lesezeit\" \/>\n\t<meta name=\"twitter:data1\" content=\"1\u00a0Minute\" \/>\n<script type=\"application\/ld+json\" class=\"yoast-schema-graph\">{\"@context\":\"https:\\\/\\\/schema.org\",\"@graph\":[{\"@type\":\"WebPage\",\"@id\":\"https:\\\/\\\/www.ews-pulverbeschichtung.de\\\/blog\\\/pulverbeschichtung-in-lemgo-kreis-lippe\\\/\",\"url\":\"https:\\\/\\\/www.ews-pulverbeschichtung.de\\\/blog\\\/pulverbeschichtung-in-lemgo-kreis-lippe\\\/\",\"name\":\"Pulverbeschichtung in Lemgo (Kreis Lippe) - EWS GmbH Pulverbeschichtung\",\"isPartOf\":{\"@id\":\"https:\\\/\\\/www.ews-pulverbeschichtung.de\\\/blog\\\/#website\"},\"primaryImageOfPage\":{\"@id\":\"https:\\\/\\\/www.ews-pulverbeschichtung.de\\\/blog\\\/pulverbeschichtung-in-lemgo-kreis-lippe\\\/#primaryimage\"},\"image\":{\"@id\":\"https:\\\/\\\/www.ews-pulverbeschichtung.de\\\/blog\\\/pulverbeschichtung-in-lemgo-kreis-lippe\\\/#primaryimage\"},\"thumbnailUrl\":\"https:\\\/\\\/www.ews-pulverbeschichtung.de\\\/blog\\\/wp-content\\\/uploads\\\/pulverbeschichter-hero-large.jpeg\",\"datePublished\":\"2023-08-24T14:04:42+00:00\",\"dateModified\":\"2023-08-24T14:21:56+00:00\",\"description\":\"EWS GMBH - Pulverbeschichtung & Oberfl\u00e4chentechnik in Lemgo (Kreis Lippe), Oberfl\u00e4chenveredelung in der N\u00e4he von Lemgo \u2794 Mehr Erfahren\",\"breadcrumb\":{\"@id\":\"https:\\\/\\\/www.ews-pulverbeschichtung.de\\\/blog\\\/pulverbeschichtung-in-lemgo-kreis-lippe\\\/#breadcrumb\"},\"inLanguage\":\"de\",\"potentialAction\":[{\"@type\":\"ReadAction\",\"target\":[\"https:\\\/\\\/www.ews-pulverbeschichtung.de\\\/blog\\\/pulverbeschichtung-in-lemgo-kreis-lippe\\\/\"]}]},{\"@type\":\"ImageObject\",\"inLanguage\":\"de\",\"@id\":\"https:\\\/\\\/www.ews-pulverbeschichtung.de\\\/blog\\\/pulverbeschichtung-in-lemgo-kreis-lippe\\\/#primaryimage\",\"url\":\"https:\\\/\\\/www.ews-pulverbeschichtung.de\\\/blog\\\/wp-content\\\/uploads\\\/pulverbeschichter-hero-large.jpeg\",\"contentUrl\":\"https:\\\/\\\/www.ews-pulverbeschichtung.de\\\/blog\\\/wp-content\\\/uploads\\\/pulverbeschichter-hero-large.jpeg\",\"width\":800,\"height\":805,\"caption\":\"EWS GMBH Pulverbeschichtung\"},{\"@type\":\"BreadcrumbList\",\"@id\":\"https:\\\/\\\/www.ews-pulverbeschichtung.de\\\/blog\\\/pulverbeschichtung-in-lemgo-kreis-lippe\\\/#breadcrumb\",\"itemListElement\":[{\"@type\":\"ListItem\",\"position\":1,\"name\":\"Startseite\",\"item\":\"https:\\\/\\\/www.ews-pulverbeschichtung.de\\\/blog\\\/\"},{\"@type\":\"ListItem\",\"position\":2,\"name\":\"Pulverbeschichtung in Lemgo (Kreis Lippe)\"}]},{\"@type\":\"WebSite\",\"@id\":\"https:\\\/\\\/www.ews-pulverbeschichtung.de\\\/blog\\\/#website\",\"url\":\"https:\\\/\\\/www.ews-pulverbeschichtung.de\\\/blog\\\/\",\"name\":\"EWS GmbH Pulverbeschichtung\",\"description\":\"Oberfl\u00e4chenbeschichtung &amp; Chromatierung\",\"publisher\":{\"@id\":\"https:\\\/\\\/www.ews-pulverbeschichtung.de\\\/blog\\\/#organization\"},\"potentialAction\":[{\"@type\":\"SearchAction\",\"target\":{\"@type\":\"EntryPoint\",\"urlTemplate\":\"https:\\\/\\\/www.ews-pulverbeschichtung.de\\\/blog\\\/?s={search_term_string}\"},\"query-input\":{\"@type\":\"PropertyValueSpecification\",\"valueRequired\":true,\"valueName\":\"search_term_string\"}}],\"inLanguage\":\"de\"},{\"@type\":\"Organization\",\"@id\":\"https:\\\/\\\/www.ews-pulverbeschichtung.de\\\/blog\\\/#organization\",\"name\":\"EWS GMBH Pulverbeschichtung\",\"url\":\"https:\\\/\\\/www.ews-pulverbeschichtung.de\\\/blog\\\/\",\"logo\":{\"@type\":\"ImageObject\",\"inLanguage\":\"de\",\"@id\":\"https:\\\/\\\/www.ews-pulverbeschichtung.de\\\/blog\\\/#\\\/schema\\\/logo\\\/image\\\/\",\"url\":\"https:\\\/\\\/www.ews-pulverbeschichtung.de\\\/blog\\\/wp-content\\\/uploads\\\/pulverbeschichter-hero-large.jpeg\",\"contentUrl\":\"https:\\\/\\\/www.ews-pulverbeschichtung.de\\\/blog\\\/wp-content\\\/uploads\\\/pulverbeschichter-hero-large.jpeg\",\"width\":800,\"height\":805,\"caption\":\"EWS GMBH Pulverbeschichtung\"},\"image\":{\"@id\":\"https:\\\/\\\/www.ews-pulverbeschichtung.de\\\/blog\\\/#\\\/schema\\\/logo\\\/image\\\/\"}}]}<\/script>\n<!-- \/ Yoast SEO plugin. -->","yoast_head_json":{"title":"Pulverbeschichtung in Lemgo (Kreis Lippe) - EWS GmbH Pulverbeschichtung","description":"EWS GMBH - Pulverbeschichtung & Oberfl\u00e4chentechnik in Lemgo (Kreis Lippe), Oberfl\u00e4chenveredelung in der N\u00e4he von Lemgo \u2794 Mehr Erfahren","robots":{"index":"index","follow":"follow","max-snippet":"max-snippet:-1","max-image-preview":"max-image-preview:large","max-video-preview":"max-video-preview:-1"},"canonical":"https:\/\/www.ews-pulverbeschichtung.de\/blog\/pulverbeschichtung-in-lemgo-kreis-lippe\/","og_locale":"de_DE","og_type":"article","og_title":"Pulverbeschichtung in Lemgo (Kreis Lippe) - EWS GmbH Pulverbeschichtung","og_description":"EWS GMBH - Pulverbeschichtung & Oberfl\u00e4chentechnik in Lemgo (Kreis Lippe), Oberfl\u00e4chenveredelung in der N\u00e4he von Lemgo \u2794 Mehr Erfahren","og_url":"https:\/\/www.ews-pulverbeschichtung.de\/blog\/pulverbeschichtung-in-lemgo-kreis-lippe\/","og_site_name":"EWS GmbH Pulverbeschichtung","article_modified_time":"2023-08-24T14:21:56+00:00","og_image":[{"url":"https:\/\/www.ews-pulverbeschichtung.de\/blog\/wp-content\/uploads\/pulverbeschichter-hero-large.jpeg","type":"","width":"","height":""}],"twitter_card":"summary_large_image","twitter_misc":{"Gesch\u00e4tzte Lesezeit":"1\u00a0Minute"},"schema":{"@context":"https:\/\/schema.org","@graph":[{"@type":"WebPage","@id":"https:\/\/www.ews-pulverbeschichtung.de\/blog\/pulverbeschichtung-in-lemgo-kreis-lippe\/","url":"https:\/\/www.ews-pulverbeschichtung.de\/blog\/pulverbeschichtung-in-lemgo-kreis-lippe\/","name":"Pulverbeschichtung in Lemgo (Kreis Lippe) - EWS GmbH Pulverbeschichtung","isPartOf":{"@id":"https:\/\/www.ews-pulverbeschichtung.de\/blog\/#website"},"primaryImageOfPage":{"@id":"https:\/\/www.ews-pulverbeschichtung.de\/blog\/pulverbeschichtung-in-lemgo-kreis-lippe\/#primaryimage"},"image":{"@id":"https:\/\/www.ews-pulverbeschichtung.de\/blog\/pulverbeschichtung-in-lemgo-kreis-lippe\/#primaryimage"},"thumbnailUrl":"https:\/\/www.ews-pulverbeschichtung.de\/blog\/wp-content\/uploads\/pulverbeschichter-hero-large.jpeg","datePublished":"2023-08-24T14:04:42+00:00","dateModified":"2023-08-24T14:21:56+00:00","description":"EWS GMBH - Pulverbeschichtung & Oberfl\u00e4chentechnik in Lemgo (Kreis Lippe), Oberfl\u00e4chenveredelung in der N\u00e4he von Lemgo \u2794 Mehr Erfahren","breadcrumb":{"@id":"https:\/\/www.ews-pulverbeschichtung.de\/blog\/pulverbeschichtung-in-lemgo-kreis-lippe\/#breadcrumb"},"inLanguage":"de","potentialAction":[{"@type":"ReadAction","target":["https:\/\/www.ews-pulverbeschichtung.de\/blog\/pulverbeschichtung-in-lemgo-kreis-lippe\/"]}]},{"@type":"ImageObject","inLanguage":"de","@id":"https:\/\/www.ews-pulverbeschichtung.de\/blog\/pulverbeschichtung-in-lemgo-kreis-lippe\/#primaryimage","url":"https:\/\/www.ews-pulverbeschichtung.de\/blog\/wp-content\/uploads\/pulverbeschichter-hero-large.jpeg","contentUrl":"https:\/\/www.ews-pulverbeschichtung.de\/blog\/wp-content\/uploads\/pulverbeschichter-hero-large.jpeg","width":800,"height":805,"caption":"EWS GMBH Pulverbeschichtung"},{"@type":"BreadcrumbList","@id":"https:\/\/www.ews-pulverbeschichtung.de\/blog\/pulverbeschichtung-in-lemgo-kreis-lippe\/#breadcrumb","itemListElement":[{"@type":"ListItem","position":1,"name":"Startseite","item":"https:\/\/www.ews-pulverbeschichtung.de\/blog\/"},{"@type":"ListItem","position":2,"name":"Pulverbeschichtung in Lemgo (Kreis Lippe)"}]},{"@type":"WebSite","@id":"https:\/\/www.ews-pulverbeschichtung.de\/blog\/#website","url":"https:\/\/www.ews-pulverbeschichtung.de\/blog\/","name":"EWS GmbH Pulverbeschichtung","description":"Oberfl\u00e4chenbeschichtung &amp; Chromatierung","publisher":{"@id":"https:\/\/www.ews-pulverbeschichtung.de\/blog\/#organization"},"potentialAction":[{"@type":"SearchAction","target":{"@type":"EntryPoint","urlTemplate":"https:\/\/www.ews-pulverbeschichtung.de\/blog\/?s={search_term_string}"},"query-input":{"@type":"PropertyValueSpecification","valueRequired":true,"valueName":"search_term_string"}}],"inLanguage":"de"},{"@type":"Organization","@id":"https:\/\/www.ews-pulverbeschichtung.de\/blog\/#organization","name":"EWS GMBH Pulverbeschichtung","url":"https:\/\/www.ews-pulverbeschichtung.de\/blog\/","logo":{"@type":"ImageObject","inLanguage":"de","@id":"https:\/\/www.ews-pulverbeschichtung.de\/blog\/#\/schema\/logo\/image\/","url":"https:\/\/www.ews-pulverbeschichtung.de\/blog\/wp-content\/uploads\/pulverbeschichter-hero-large.jpeg","contentUrl":"https:\/\/www.ews-pulverbeschichtung.de\/blog\/wp-content\/uploads\/pulverbeschichter-hero-large.jpeg","width":800,"height":805,"caption":"EWS GMBH Pulverbeschichtung"},"image":{"@id":"https:\/\/www.ews-pulverbeschichtung.de\/blog\/#\/schema\/logo\/image\/"}}]}},"_links":{"self":[{"href":"https:\/\/www.ews-pulverbeschichtung.de\/blog\/wp-json\/wp\/v2\/pages\/123","targetHints":{"allow":["GET"]}}],"collection":[{"href":"https:\/\/www.ews-pulverbeschichtung.de\/blog\/wp-json\/wp\/v2\/pages"}],"about":[{"href":"https:\/\/www.ews-pulverbeschichtung.de\/blog\/wp-json\/wp\/v2\/types\/page"}],"author":[{"embeddable":true,"href":"https:\/\/www.ews-pulverbeschichtung.de\/blog\/wp-json\/wp\/v2\/users\/1"}],"replies":[{"embeddable":true,"href":"https:\/\/www.ews-pulverbeschichtung.de\/blog\/wp-json\/wp\/v2\/comments?post=123"}],"version-history":[{"count":4,"href":"https:\/\/www.ews-pulverbeschichtung.de\/blog\/wp-json\/wp\/v2\/pages\/123\/revisions"}],"predecessor-version":[{"id":183,"href":"https:\/\/www.ews-pulverbeschichtung.de\/blog\/wp-json\/wp\/v2\/pages\/123\/revisions\/183"}],"wp:attachment":[{"href":"https:\/\/www.ews-pulverbeschichtung.de\/blog\/wp-json\/wp\/v2\/media?parent=123"}],"curies":[{"name":"wp","href":"https:\/\/api.w.org\/{rel}","templated":true}]}}